{"id":920,"date":"2022-02-24T14:11:37","date_gmt":"2022-02-24T12:11:37","guid":{"rendered":"https:\/\/activeyouth4life.eu\/home\/"},"modified":"2026-02-13T13:20:52","modified_gmt":"2026-02-13T11:20:52","slug":"home","status":"publish","type":"page","link":"https:\/\/activeyouth4life.eu\/bs\/","title":{"rendered":"Inicijal"},"content":{"rendered":"<div>\n<h3>Aktivno gra\u0111anstvo za mlade ja\u010danjem LIFECOMP kompetencija kroz inovativne nastavne alate i tehnike<\/h3>\n<div>\n<p>Njegovanje aktivnog gra\u0111anstva kod mladih u borbi protiv klimatskih promjena i garantiranje njihovog upisa u pobolj\u0161anje dru\u0161tva kroz inovativne nastavne alate i tehnike.<\/p>\n<\/div>\n<\/div>\n<p><img decoding=\"async\" src=\"\/wp-content\/uploads\/2022\/04\/AY4L_-09.svg\" alt=\"Overview\"><br \/>\n<img decoding=\"async\" src=\"\/wp-content\/uploads\/2022\/04\/AY4L_-11.svg\" alt=\"e-learning\"><\/p>\n<div>\n<h3>Platforma za obuku i virtuelnu komunikaciju (TVCP)<\/h3>\n<div>\n<p><span>Ovaj rezultat \u0107e se sastojati od razvoja e-u\u010denja i digitalnih alata i resursa za provo\u0111enje aktivnosti obuke za unapre\u0111enje gra\u0111anskog u\u010de\u0161\u0107a mladih, klimatskih promjena i svijesti o odr\u017eivom razvoju.<\/span><\/p>\n<\/div>\n<\/div>\n<p>\n    <a href=\"\/bs\/elearning\/\">[readmore_text]<\/a>\n<\/p>\n<div>\n<h3>Rezultati<\/h3>\n<div>\n<p><strong>Film<\/strong> &#8211; Trening priru\u010dnik za podizanje svijesti mladih o klimatskim promjenama i razvoju odr\u017eivosti.<\/p>\n<p><span><strong>Digitalne sobe za bijeg<\/strong> (escape rooms) za poticanje aktivnog gra\u0111anstva mladih.<\/span><\/p>\n<p><span style=\"font-weight: 400;\"><strong>Platforma<\/strong> za obuku i virtuelnu komunikaciju (TVCP).\u00a0<\/span><span style=\"font-weight: 400;\"><\/span><\/p>\n<\/div>\n<\/div>\n<p>\n    <a href=\"\/bs\/results\/\">[readmore_text]<\/a>\n<\/p>\n<p><img decoding=\"async\" src=\"\/wp-content\/uploads\/2022\/04\/AY4L_-13.svg\" alt=\"Overview\"><\/p>\n<h3>[news_header]<\/h3>\n<div>\n<\/div>\n<p><!--more--><br \/>\n<!-- {\"name\":\"About\",\"type\":\"layout\",\"children\":[{\"type\":\"section\",\"props\":{\"style\":\"default\",\"width\":\"default\",\"vertical_align\":\"middle\",\"title_position\":\"top-left\",\"title_rotation\":\"left\",\"title_breakpoint\":\"xl\",\"image_position\":\"top-left\",\"image\":\"\",\"media_visibility\":\"m\",\"width_expand\":\"right\",\"animation\":\"fade\"},\"children\":[{\"type\":\"row\",\"props\":{\"layout\":\"1-2,1-2\"},\"children\":[{\"type\":\"column\",\"props\":{\"position_sticky_breakpoint\":\"m\",\"image_position\":\"center-center\",\"media_overlay_gradient\":\"\",\"width_medium\":\"1-2\",\"image\":\"\"},\"children\":[{\"type\":\"panel\",\"props\":{\"link_text\":\"Read more\",\"title_hover_style\":\"reset\",\"title_element\":\"h3\",\"title_align\":\"top\",\"title_grid_width\":\"1-2\",\"title_grid_breakpoint\":\"m\",\"meta_style\":\"meta\",\"meta_align\":\"below-title\",\"meta_element\":\"div\",\"content_column_breakpoint\":\"m\",\"icon_width\":80,\"image_align\":\"top\",\"image_grid_width\":\"1-2\",\"image_grid_breakpoint\":\"m\",\"image_svg_color\":\"emphasis\",\"link_style\":\"default\",\"margin\":\"default\",\"meta\":\"\",\"title\":\"Aktivno gra\\u0111anstvo za mlade ja\\u010danjem LIFECOMP kompetencija kroz inovativne nastavne alate i tehnike\",\"content\":\"\n\n<p>Njegovanje aktivnog gra\\u0111anstva kod mladih u borbi protiv klimatskih promjena i garantiranje njihovog upisa u pobolj\\u0161anje dru\\u0161tva kroz inovativne nastavne alate i tehnike.<\\\/p>\"}}]},{\"type\":\"column\",\"props\":{\"position_sticky_breakpoint\":\"m\",\"image_position\":\"center-center\",\"media_overlay_gradient\":\"\",\"width_medium\":\"1-2\"},\"children\":[{\"type\":\"image\",\"props\":{\"margin\":\"default\",\"image_svg_color\":\"emphasis\",\"image\":\"wp-content\\\/uploads\\\/2022\\\/04\\\/AY4L_-09.svg\",\"image_alt\":\"Overview\",\"container_padding_remove\":true,\"animation\":\"slide-right-medium\"}}]}]}],\"name\":\"Overview\"},{\"type\":\"section\",\"props\":{\"style\":\"default\",\"width\":\"default\",\"vertical_align\":\"middle\",\"title_position\":\"top-left\",\"title_rotation\":\"left\",\"title_breakpoint\":\"xl\",\"image_position\":\"top-left\",\"image\":\"\",\"media_visibility\":\"m\",\"width_expand\":\"left\",\"animation\":\"fade\"},\"children\":[{\"type\":\"row\",\"props\":{\"layout\":\"1-2,1-2\"},\"children\":[{\"type\":\"column\",\"props\":{\"position_sticky_breakpoint\":\"m\",\"image_position\":\"center-center\",\"media_overlay_gradient\":\"\",\"width_medium\":\"1-2\",\"image\":\"\"},\"children\":[{\"type\":\"image\",\"props\":{\"margin\":\"default\",\"image_svg_color\":\"emphasis\",\"image\":\"wp-content\\\/uploads\\\/2022\\\/04\\\/AY4L_-11.svg\",\"image_alt\":\"e-learning\",\"container_padding_remove\":true,\"animation\":\"slide-left-medium\"}}]},{\"type\":\"column\",\"props\":{\"position_sticky_breakpoint\":\"m\",\"image_position\":\"center-center\",\"media_overlay_gradient\":\"\",\"width_medium\":\"1-2\"},\"children\":[{\"type\":\"panel\",\"props\":{\"link_text\":\"Read more\",\"title_hover_style\":\"reset\",\"title_element\":\"h3\",\"title_align\":\"top\",\"title_grid_width\":\"1-2\",\"title_grid_breakpoint\":\"m\",\"meta_style\":\"meta\",\"meta_align\":\"below-title\",\"meta_element\":\"div\",\"content_column_breakpoint\":\"m\",\"icon_width\":80,\"image_align\":\"top\",\"image_grid_width\":\"1-2\",\"image_grid_breakpoint\":\"m\",\"image_svg_color\":\"emphasis\",\"link_style\":\"default\",\"margin\":\"default\",\"meta\":\"\",\"title\":\"Platforma za obuku i virtuelnu komunikaciju (TVCP)\",\"content\":\"\n\n<p><span>Ovaj rezultat \\u0107e se sastojati od razvoja e-u\\u010denja i digitalnih alata i resursa za provo\\u0111enje aktivnosti obuke za unapre\\u0111enje gra\\u0111anskog u\\u010de\\u0161\\u0107a mladih, klimatskih promjena i svijesti o odr\\u017eivom razvoju.<\\\/span><\\\/p>\"}},{\"type\":\"button\",\"props\":{\"grid_column_gap\":\"small\",\"grid_row_gap\":\"small\",\"margin\":\"default\"},\"children\":[{\"type\":\"button_item\",\"props\":{\"button_style\":\"primary\",\"icon_align\":\"left\",\"link\":\"bs\\\/elearning\\\/\",\"content\":\"[readmore_text]\"}}]}]}]}],\"name\":\"E-learning\"},{\"type\":\"section\",\"props\":{\"style\":\"default\",\"width\":\"default\",\"vertical_align\":\"middle\",\"title_position\":\"top-left\",\"title_rotation\":\"left\",\"title_breakpoint\":\"xl\",\"image_position\":\"top-left\",\"image\":\"\",\"media_visibility\":\"m\",\"width_expand\":\"right\",\"animation\":\"fade\"},\"children\":[{\"type\":\"row\",\"props\":{\"layout\":\"1-2,1-2\"},\"children\":[{\"type\":\"column\",\"props\":{\"position_sticky_breakpoint\":\"m\",\"image_position\":\"center-center\",\"media_overlay_gradient\":\"\",\"width_medium\":\"1-2\",\"image\":\"\"},\"children\":[{\"type\":\"panel\",\"props\":{\"link_text\":\"Read more\",\"title_hover_style\":\"reset\",\"title_element\":\"h3\",\"title_align\":\"top\",\"title_grid_width\":\"1-2\",\"title_grid_breakpoint\":\"m\",\"meta_style\":\"meta\",\"meta_align\":\"below-title\",\"meta_element\":\"div\",\"content_column_breakpoint\":\"m\",\"icon_width\":80,\"image_align\":\"top\",\"image_grid_width\":\"1-2\",\"image_grid_breakpoint\":\"m\",\"image_svg_color\":\"emphasis\",\"link_style\":\"default\",\"margin\":\"default\",\"meta\":\"\",\"title\":\"Rezultati\",\"content\":\"\n\n<p><strong>Film<\\\/strong> - Trening priru\\u010dnik za podizanje svijesti mladih o klimatskim promjenama i razvoju odr\\u017eivosti.<\\\/p>\\n\n\n<p><span><strong>Digitalne sobe za bijeg<\\\/strong> (escape rooms) za poticanje aktivnog gra\\u0111anstva mladih.<\\\/span><\\\/p>\\n\n\n<p><span style=\\\"font-weight: 400;\\\"><strong>Platforma<\\\/strong> za obuku i virtuelnu komunikaciju (TVCP).\\u00a0<\\\/span><span style=\\\"font-weight: 400;\\\"><\\\/span><\\\/p>\"}},{\"type\":\"button\",\"props\":{\"grid_column_gap\":\"small\",\"grid_row_gap\":\"small\",\"margin\":\"default\"},\"children\":[{\"type\":\"button_item\",\"props\":{\"button_style\":\"primary\",\"icon_align\":\"left\",\"link\":\"bs\\\/results\\\/\",\"content\":\"[readmore_text]\"}}]}]},{\"type\":\"column\",\"props\":{\"position_sticky_breakpoint\":\"m\",\"image_position\":\"center-center\",\"media_overlay_gradient\":\"\",\"width_medium\":\"1-2\"},\"children\":[{\"type\":\"image\",\"props\":{\"margin\":\"default\",\"image_svg_color\":\"emphasis\",\"image\":\"wp-content\\\/uploads\\\/2022\\\/04\\\/AY4L_-13.svg\",\"image_alt\":\"Overview\",\"container_padding_remove\":true,\"animation\":\"slide-right-medium\"}}]}]}],\"name\":\"Results\"},{\"type\":\"section\",\"props\":{\"style\":\"muted\",\"width\":\"default\",\"vertical_align\":\"middle\",\"title_position\":\"top-left\",\"title_rotation\":\"left\",\"title_breakpoint\":\"xl\",\"image_position\":\"center-center\",\"animation\":\"fade\"},\"children\":[{\"type\":\"row\",\"children\":[{\"type\":\"column\",\"props\":{\"position_sticky_breakpoint\":\"m\",\"image_position\":\"center-center\",\"media_overlay_gradient\":\"\"},\"children\":[{\"type\":\"headline\",\"props\":{\"title_element\":\"h3\",\"title_style\":\"h2\",\"text_align\":\"center\",\"content\":\"[news_header]\"},\"name\":\"headline-pages\"}]}]},{\"type\":\"row\",\"children\":[{\"type\":\"column\",\"props\":{\"position_sticky_breakpoint\":\"m\",\"image_position\":\"center-center\",\"media_overlay_gradient\":\"\",\"width_medium\":\"\"},\"children\":[{\"type\":\"grid\",\"props\":{\"show_title\":true,\"show_meta\":false,\"show_content\":false,\"show_image\":true,\"show_link\":true,\"grid_default\":\"1\",\"grid_medium\":\"3\",\"filter_style\":\"tab\",\"filter_all\":true,\"filter_position\":\"top\",\"filter_align\":\"left\",\"filter_grid_width\":\"auto\",\"filter_grid_breakpoint\":\"m\",\"title_hover_style\":\"reset\",\"title_element\":\"h4\",\"title_align\":\"top\",\"title_grid_width\":\"1-2\",\"title_grid_breakpoint\":\"m\",\"meta_style\":\"meta\",\"meta_align\":\"below-title\",\"meta_element\":\"div\",\"content_column_breakpoint\":\"m\",\"icon_width\":80,\"image_align\":\"top\",\"image_grid_width\":\"1-2\",\"image_grid_breakpoint\":\"m\",\"image_svg_color\":\"emphasis\",\"link_text\":\"\",\"link_style\":\"default\",\"margin\":\"default\",\"item_animation\":false,\"panel_link\":true,\"title_style\":\"h4\",\"class\":\"news-grid\",\"panel_style\":\"card-default\",\"panel_padding\":\"default\",\"grid_column_gap\":\"medium\",\"title_link\":false,\"image_link\":false},\"children\":[{\"type\":\"grid_item\",\"source\":{\"query\":{\"name\":\"posts.customPosts\",\"arguments\":{\"terms\":[31],\"category_operator\":\"IN\",\"post_tag_operator\":\"IN\",\"users\":[],\"users_operator\":\"IN\",\"offset\":0,\"limit\":3,\"order\":\"date\",\"order_direction\":\"DESC\"}},\"props\":{\"title\":{\"filters\":{\"search\":\"\"},\"name\":\"title\"},\"image\":{\"filters\":{\"search\":\"\"},\"name\":\"featuredImage.url\"},\"link\":{\"filters\":{\"search\":\"\"},\"name\":\"link\"}}}}]}]}],\"props\":{\"width\":\"default\"}}],\"name\":\"News\"}],\"version\":\"2.7.22\"} --><\/p>\n","protected":false},"excerpt":{"rendered":"<p>Aktivno gra\u0111anstvo za mlade ja\u010danjem LIFECOMP kompetencija kroz inovativne nastavne alate i tehnike Njegovanje aktivnog gra\u0111anstva kod mladih u borbi protiv klimatskih promjena i garantiranje njihovog upisa u pobolj\u0161anje dru\u0161tva kroz inovativne nastavne alate i tehnike. Platforma za obuku i virtuelnu komunikaciju (TVCP) Ovaj rezultat \u0107e se sastojati od razvoja e-u\u010denja i digitalnih alata i [&hellip;]<\/p>\n","protected":false},"author":1,"featured_media":0,"parent":0,"menu_order":0,"comment_status":"closed","ping_status":"closed","template":"","meta":{"footnotes":""},"class_list":["post-920","page","type-page","status-publish","hentry"],"_links":{"self":[{"href":"https:\/\/activeyouth4life.eu\/bs\/wp-json\/wp\/v2\/pages\/920","targetHints":{"allow":["GET"]}}],"collection":[{"href":"https:\/\/activeyouth4life.eu\/bs\/wp-json\/wp\/v2\/pages"}],"about":[{"href":"https:\/\/activeyouth4life.eu\/bs\/wp-json\/wp\/v2\/types\/page"}],"author":[{"embeddable":true,"href":"https:\/\/activeyouth4life.eu\/bs\/wp-json\/wp\/v2\/users\/1"}],"replies":[{"embeddable":true,"href":"https:\/\/activeyouth4life.eu\/bs\/wp-json\/wp\/v2\/comments?post=920"}],"version-history":[{"count":9,"href":"https:\/\/activeyouth4life.eu\/bs\/wp-json\/wp\/v2\/pages\/920\/revisions"}],"predecessor-version":[{"id":1032,"href":"https:\/\/activeyouth4life.eu\/bs\/wp-json\/wp\/v2\/pages\/920\/revisions\/1032"}],"wp:attachment":[{"href":"https:\/\/activeyouth4life.eu\/bs\/wp-json\/wp\/v2\/media?parent=920"}],"curies":[{"name":"wp","href":"https:\/\/api.w.org\/{rel}","templated":true}]}}