{"id":934,"date":"2022-04-13T13:30:57","date_gmt":"2022-04-13T10:30:57","guid":{"rendered":"https:\/\/activeyouth4life.eu\/results\/"},"modified":"2026-02-13T13:20:52","modified_gmt":"2026-02-13T11:20:52","slug":"results","status":"publish","type":"page","link":"https:\/\/activeyouth4life.eu\/bs\/results\/","title":{"rendered":"Rezultati"},"content":{"rendered":"<h1>Rezultati<\/h1>\n<ul>\n<li>\n<div>\n<p><strong>ActiveYouth4Life pristup treningu<br \/><\/strong>Pristup obuke za usavr\u0161avanje omladinskih radnika u integraciji pripovijedanja (participativnog i digitalnog) kori\u0161tenjem dvije razli\u010dite tehnike: snimanja filmova i digitalnih escape rooms.<\/p>\n<\/div>\n<\/li>\n<li>\n<div>\n<p><strong>Film &#8211; Priru\u010dnik za obuku za podizanje svijesti mladih o klimatskim promjenama i razvoju odr\u017eivosti.<br \/><\/strong>Priru\u010dnik \u0107e sadr\u017eavati metodologiju obuke o proceduri snimanja filmova koja pokriva stvarne osnove, uklju\u010duju\u0107i neophodne alate i aplikacije, pripovijedanje i kako razraditi ideje koje se vizualno realizuju i aktivnosti obuke koje \u0107e se provoditi u okviru tog okvira.<\/p>\n<\/div>\n<\/li>\n<li>\n<div>\n<p><strong>Digitalne sobe za bijeg za podsticanje aktivnog gra\u0111anstva mladih.<\/strong><br \/>U okviru ovih konteksta, mladi \u0107e imati priliku da kultivi\u0161u ostale kompetencije koje predla\u017ee LIFEComp okvir: upravljanje u\u010denjem, kriti\u010dko razmi\u0161ljanje, na\u010din razmi\u0161ljanja o rastu i samoregulaciji, kori\u0161tenjem participativnog i digitalnog pripovijedanja<\/p>\n<\/div>\n<\/li>\n<li>\n<div>\n<p><strong>Platforma za obuku i virtuelnu komunikaciju (TVCP).<br \/><\/strong>Ovaj rezultat \u0107e se sastojati od razvoja e-u\u010denja i digitalnih alata i resursa za provo\u0111enje aktivnosti obuke za unapre\u0111enje gra\u0111anskog u\u010de\u0161\u0107a mladih, klimatskih promjena i svijesti o odr\u017eivom razvoju.<\/p>\n<\/div>\n<\/li>\n<\/ul>\n<p>\n    <a href=\"https:\/\/elearning.activeyouth4life.eu\/\">Posjetite platformu<\/a>\n<\/p>\n<p><img decoding=\"async\" src=\"\/wp-content\/uploads\/2022\/04\/Overview-08.svg\" alt=\"Overview\"><\/p>\n<p><!--more--><br \/>\n<!-- {\"name\":\"About\",\"type\":\"layout\",\"children\":[{\"type\":\"section\",\"props\":{\"style\":\"default\",\"width\":\"default\",\"vertical_align\":\"middle\",\"title_position\":\"top-left\",\"title_rotation\":\"left\",\"title_breakpoint\":\"xl\",\"image_position\":\"center-center\",\"padding_remove_top\":true,\"padding_remove_bottom\":true,\"animation\":\"fade\"},\"children\":[{\"type\":\"row\",\"children\":[{\"type\":\"column\",\"props\":{\"position_sticky_breakpoint\":\"m\",\"image_position\":\"center-center\",\"media_overlay_gradient\":\"\"},\"children\":[{\"type\":\"headline\",\"props\":{\"title_element\":\"h1\",\"title_style\":\"h1\",\"title_color\":\"success\",\"text_align\":\"left\",\"content\":\"Rezultati\"},\"name\":\"headline-pages\"}]}]}]},{\"type\":\"section\",\"props\":{\"style\":\"default\",\"width\":\"default\",\"vertical_align\":\"middle\",\"title_position\":\"top-left\",\"title_rotation\":\"left\",\"title_breakpoint\":\"xl\",\"image_position\":\"top-left\",\"image\":\"\",\"media_visibility\":\"m\",\"width_expand\":\"right\",\"animation\":\"fade\"},\"children\":[{\"type\":\"row\",\"props\":{\"layout\":\"1-2,1-2\"},\"children\":[{\"type\":\"column\",\"props\":{\"position_sticky_breakpoint\":\"m\",\"image_position\":\"center-center\",\"media_overlay_gradient\":\"\",\"width_medium\":\"1-2\",\"image\":\"\"},\"children\":[{\"name\":\"List Columns Thirds\",\"type\":\"list\",\"children\":[{\"type\":\"list_item\",\"props\":{\"content\":\"\n\n<p><strong>ActiveYouth4Life pristup treningu<br \\\/><\\\/strong>Pristup obuke za usavr\\u0161avanje omladinskih radnika u integraciji pripovijedanja (participativnog i digitalnog) kori\\u0161tenjem dvije razli\\u010dite tehnike: snimanja filmova i digitalnih escape rooms.<\\\/p>\",\"image\":\"\",\"icon\":\"cog\",\"icon_color\":\"success\"}},{\"type\":\"list_item\",\"props\":{\"content\":\"\n\n<p><strong>Film - Priru\\u010dnik za obuku za podizanje svijesti mladih o klimatskim promjenama i razvoju odr\\u017eivosti.<br \\\/><\\\/strong>Priru\\u010dnik \\u0107e sadr\\u017eavati metodologiju obuke o proceduri snimanja filmova koja pokriva stvarne osnove, uklju\\u010duju\\u0107i neophodne alate i aplikacije, pripovijedanje i kako razraditi ideje koje se vizualno realizuju i aktivnosti obuke koje \\u0107e se provoditi u okviru tog okvira.<\\\/p>\",\"image\":\"\",\"icon\":\"cog\",\"icon_color\":\"success\"}},{\"type\":\"list_item\",\"props\":{\"content\":\"\n\n<p><strong>Digitalne sobe za bijeg za podsticanje aktivnog gra\\u0111anstva mladih.<\\\/strong><br \\\/>U okviru ovih konteksta, mladi \\u0107e imati priliku da kultivi\\u0161u ostale kompetencije koje predla\\u017ee LIFEComp okvir: upravljanje u\\u010denjem, kriti\\u010dko razmi\\u0161ljanje, na\\u010din razmi\\u0161ljanja o rastu i samoregulaciji, kori\\u0161tenjem participativnog i digitalnog pripovijedanja<\\\/p>\",\"image\":\"\",\"icon\":\"cog\",\"icon_color\":\"success\",\"link_target\":true}},{\"type\":\"list_item\",\"props\":{\"content\":\"\n\n<p><strong>Platforma za obuku i virtuelnu komunikaciju (TVCP).<br \\\/><\\\/strong>Ovaj rezultat \\u0107e se sastojati od razvoja e-u\\u010denja i digitalnih alata i resursa za provo\\u0111enje aktivnosti obuke za unapre\\u0111enje gra\\u0111anskog u\\u010de\\u0161\\u0107a mladih, klimatskih promjena i svijesti o odr\\u017eivom razvoju.<\\\/p>\",\"image\":\"\",\"icon\":\"cog\",\"icon_color\":\"success\"}}],\"props\":{\"show_image\":true,\"show_link\":false,\"list_element\":\"ul\",\"column_breakpoint\":\"s\",\"image_svg_color\":\"emphasis\",\"image_align\":\"left\",\"image_vertical_align\":false,\"id\":\"list-columns-thirds\",\"list_type\":\"vertical\",\"list_horizontal_separator\":\", \"}},{\"type\":\"button\",\"props\":{\"grid_column_gap\":\"small\",\"grid_row_gap\":\"small\",\"margin\":\"default\",\"status\":\"\"},\"children\":[{\"type\":\"button_item\",\"props\":{\"button_style\":\"primary\",\"icon_align\":\"left\",\"link_title\":\"\",\"link\":\"https:\\\/\\\/elearning.activeyouth4life.eu\\\/\",\"content\":\"Posjetite platformu\",\"link_target\":\"blank\"}}],\"name\":\"Button - link to e-learning\"}]},{\"type\":\"column\",\"props\":{\"position_sticky_breakpoint\":\"m\",\"image_position\":\"center-center\",\"media_overlay_gradient\":\"\",\"width_medium\":\"1-2\"},\"children\":[{\"type\":\"image\",\"props\":{\"margin\":\"default\",\"image_svg_color\":\"emphasis\",\"image\":\"wp-content\\\/uploads\\\/2022\\\/04\\\/Overview-08.svg\",\"image_alt\":\"Overview\",\"container_padding_remove\":true,\"animation\":\"slide-right-medium\"}}]}]}],\"name\":\"Overview\"},{\"type\":\"section\",\"props\":{\"style\":\"default\",\"width\":\"default\",\"vertical_align\":\"middle\",\"title_position\":\"top-left\",\"title_rotation\":\"left\",\"title_breakpoint\":\"xl\",\"image_position\":\"center-center\"},\"children\":[{\"type\":\"row\",\"children\":[{\"type\":\"column\",\"props\":{\"position_sticky_breakpoint\":\"m\",\"image_position\":\"center-center\",\"media_overlay_gradient\":\"\"},\"children\":[]}]}]}],\"version\":\"2.7.22\"} --><\/p>\n","protected":false},"excerpt":{"rendered":"<p>Rezultati ActiveYouth4Life pristup treninguPristup obuke za usavr\u0161avanje omladinskih radnika u integraciji pripovijedanja (participativnog i digitalnog) kori\u0161tenjem dvije razli\u010dite tehnike: snimanja filmova i digitalnih escape rooms. Film &#8211; Priru\u010dnik za obuku za podizanje svijesti mladih o klimatskim promjenama i razvoju odr\u017eivosti.Priru\u010dnik \u0107e sadr\u017eavati metodologiju obuke o proceduri snimanja filmova koja pokriva stvarne osnove, uklju\u010duju\u0107i neophodne alate [&hellip;]<\/p>\n","protected":false},"author":1,"featured_media":0,"parent":0,"menu_order":0,"comment_status":"closed","ping_status":"closed","template":"","meta":{"footnotes":""},"class_list":["post-934","page","type-page","status-publish","hentry"],"_links":{"self":[{"href":"https:\/\/activeyouth4life.eu\/bs\/wp-json\/wp\/v2\/pages\/934","targetHints":{"allow":["GET"]}}],"collection":[{"href":"https:\/\/activeyouth4life.eu\/bs\/wp-json\/wp\/v2\/pages"}],"about":[{"href":"https:\/\/activeyouth4life.eu\/bs\/wp-json\/wp\/v2\/types\/page"}],"author":[{"embeddable":true,"href":"https:\/\/activeyouth4life.eu\/bs\/wp-json\/wp\/v2\/users\/1"}],"replies":[{"embeddable":true,"href":"https:\/\/activeyouth4life.eu\/bs\/wp-json\/wp\/v2\/comments?post=934"}],"version-history":[{"count":3,"href":"https:\/\/activeyouth4life.eu\/bs\/wp-json\/wp\/v2\/pages\/934\/revisions"}],"predecessor-version":[{"id":1223,"href":"https:\/\/activeyouth4life.eu\/bs\/wp-json\/wp\/v2\/pages\/934\/revisions\/1223"}],"wp:attachment":[{"href":"https:\/\/activeyouth4life.eu\/bs\/wp-json\/wp\/v2\/media?parent=934"}],"curies":[{"name":"wp","href":"https:\/\/api.w.org\/{rel}","templated":true}]}}