{"id":936,"date":"2022-04-13T13:30:57","date_gmt":"2022-04-13T10:30:57","guid":{"rendered":"https:\/\/activeyouth4life.eu\/results\/"},"modified":"2026-02-13T13:21:20","modified_gmt":"2026-02-13T11:21:20","slug":"results","status":"publish","type":"page","link":"https:\/\/activeyouth4life.eu\/es\/results\/","title":{"rendered":"Resultados"},"content":{"rendered":"<h1>Resultados<\/h1>\n<ul>\n<li>\n<div>\n<p><strong>Enfoque de formaci\u00f3n de ActiveYouth4Life<br \/><\/strong><\/p>\n<p><span>Un enfoque de formaci\u00f3n para el perfeccionamiento de las competencias de los trabajadores juveniles que integrar\u00e1 la narraci\u00f3n (participativa y digital) a trav\u00e9s del uso de dos t\u00e9cnicas diferentes: la realizaci\u00f3n de pel\u00edculas y las salas de escape digitales.<\/span><\/p>\n<\/div>\n<\/li>\n<li>\n<div>\n<p><strong>Pel\u00edcula &#8211; Manual de formaci\u00f3n para la sensibilizaci\u00f3n de los j\u00f3venes sobre el cambio clim\u00e1tico y el desarrollo de la sostenibilidad.<br \/><\/strong><span>El manual incluir\u00e1 una metodolog\u00eda de formaci\u00f3n sobre el procedimiento de realizaci\u00f3n de pel\u00edculas que abarcar\u00e1 los fundamentos reales, incluidas las herramientas y aplicaciones necesarias, la narraci\u00f3n de historias y la forma de elaborar las ideas realiz\u00e1ndolas visualmente, as\u00ed como las actividades de formaci\u00f3n que se llevar\u00e1n a cabo en este marco.<\/span><\/p>\n<\/div>\n<\/li>\n<li>\n<div>\n<p><strong>Salas de escape digitales para fomentar la ciudadan\u00eda activa de los j\u00f3venes.<br \/><\/strong><span>En estos contextos los j\u00f3venes tendr\u00e1n la oportunidad de cultivar el resto de las competencias propuestas por el marco LIFEComp: gesti\u00f3n del aprendizaje, pensamiento cr\u00edtico, mentalidad de crecimiento y autorregulaci\u00f3n, mediante el uso de la narraci\u00f3n participativa y digital.<\/span><\/p>\n<\/div>\n<\/li>\n<li>\n<div>\n<p><strong>Plataforma de formaci\u00f3n y comunicaci\u00f3n virtual (TVCP).<br \/><\/strong><span>Este resultado consistir\u00e1 en el desarrollo de herramientas y recursos digitales y de aprendizaje online para llevar a cabo actividades de formaci\u00f3n para la mejora de la participaci\u00f3n c\u00edvica de los j\u00f3venes, la sensibilizaci\u00f3n sobre el cambio clim\u00e1tico y el desarrollo sostenible.<\/span><\/p>\n<\/div>\n<\/li>\n<\/ul>\n<p>\n    <a href=\"https:\/\/elearning.activeyouth4life.eu\/\">Visita la plataforma<\/a>\n<\/p>\n<p><img decoding=\"async\" src=\"\/wp-content\/uploads\/2022\/04\/Overview-08.svg\" alt=\"Overview\"><\/p>\n<p><!--more--><br \/>\n<!-- {\"name\":\"About\",\"type\":\"layout\",\"children\":[{\"type\":\"section\",\"props\":{\"style\":\"default\",\"width\":\"default\",\"vertical_align\":\"middle\",\"title_position\":\"top-left\",\"title_rotation\":\"left\",\"title_breakpoint\":\"xl\",\"image_position\":\"center-center\",\"padding_remove_top\":true,\"padding_remove_bottom\":true,\"animation\":\"fade\"},\"children\":[{\"type\":\"row\",\"children\":[{\"type\":\"column\",\"props\":{\"position_sticky_breakpoint\":\"m\",\"image_position\":\"center-center\",\"media_overlay_gradient\":\"\"},\"children\":[{\"type\":\"headline\",\"props\":{\"title_element\":\"h1\",\"title_style\":\"h1\",\"title_color\":\"success\",\"text_align\":\"left\",\"content\":\"Resultados\"},\"name\":\"headline-pages\"}]}]}]},{\"type\":\"section\",\"props\":{\"style\":\"default\",\"width\":\"default\",\"vertical_align\":\"middle\",\"title_position\":\"top-left\",\"title_rotation\":\"left\",\"title_breakpoint\":\"xl\",\"image_position\":\"top-left\",\"image\":\"\",\"media_visibility\":\"m\",\"width_expand\":\"right\",\"animation\":\"fade\"},\"children\":[{\"type\":\"row\",\"props\":{\"layout\":\"1-2,1-2\"},\"children\":[{\"type\":\"column\",\"props\":{\"position_sticky_breakpoint\":\"m\",\"image_position\":\"center-center\",\"media_overlay_gradient\":\"\",\"width_medium\":\"1-2\",\"image\":\"\"},\"children\":[{\"name\":\"List Columns Thirds\",\"type\":\"list\",\"children\":[{\"type\":\"list_item\",\"props\":{\"content\":\"\n\n<p><strong>Enfoque de formaci\\u00f3n de ActiveYouth4Life<br \\\/><\\\/strong><\\\/p>\\n\n\n<p><span>Un enfoque de formaci\\u00f3n para el perfeccionamiento de las competencias de los trabajadores juveniles que integrar\\u00e1 la narraci\\u00f3n (participativa y digital) a trav\\u00e9s del uso de dos t\\u00e9cnicas diferentes: la realizaci\\u00f3n de pel\\u00edculas y las salas de escape digitales.<\\\/span><\\\/p>\",\"image\":\"\",\"icon\":\"cog\",\"icon_color\":\"success\"}},{\"type\":\"list_item\",\"props\":{\"content\":\"\n\n<p><strong>Pel\\u00edcula - Manual de formaci\\u00f3n para la sensibilizaci\\u00f3n de los j\\u00f3venes sobre el cambio clim\\u00e1tico y el desarrollo de la sostenibilidad.<br \\\/><\\\/strong><span>El manual incluir\\u00e1 una metodolog\\u00eda de formaci\\u00f3n sobre el procedimiento de realizaci\\u00f3n de pel\\u00edculas que abarcar\\u00e1 los fundamentos reales, incluidas las herramientas y aplicaciones necesarias, la narraci\\u00f3n de historias y la forma de elaborar las ideas realiz\\u00e1ndolas visualmente, as\\u00ed como las actividades de formaci\\u00f3n que se llevar\\u00e1n a cabo en este marco.<\\\/span><\\\/p>\",\"image\":\"\",\"icon\":\"cog\",\"icon_color\":\"success\"}},{\"type\":\"list_item\",\"props\":{\"content\":\"\n\n<p><strong>Salas de escape digitales para fomentar la ciudadan\\u00eda activa de los j\\u00f3venes.<br \\\/><\\\/strong><span>En estos contextos los j\\u00f3venes tendr\\u00e1n la oportunidad de cultivar el resto de las competencias propuestas por el marco LIFEComp: gesti\\u00f3n del aprendizaje, pensamiento cr\\u00edtico, mentalidad de crecimiento y autorregulaci\\u00f3n, mediante el uso de la narraci\\u00f3n participativa y digital.<\\\/span><\\\/p>\",\"image\":\"\",\"icon\":\"cog\",\"icon_color\":\"success\",\"link_target\":true}},{\"type\":\"list_item\",\"props\":{\"content\":\"\n\n<p><strong>Plataforma de formaci\\u00f3n y comunicaci\\u00f3n virtual (TVCP).<br \\\/><\\\/strong><span>Este resultado consistir\\u00e1 en el desarrollo de herramientas y recursos digitales y de aprendizaje online para llevar a cabo actividades de formaci\\u00f3n para la mejora de la participaci\\u00f3n c\\u00edvica de los j\\u00f3venes, la sensibilizaci\\u00f3n sobre el cambio clim\\u00e1tico y el desarrollo sostenible.<\\\/span><\\\/p>\",\"image\":\"\",\"icon\":\"cog\",\"icon_color\":\"success\"}}],\"props\":{\"show_image\":true,\"show_link\":false,\"list_element\":\"ul\",\"column_breakpoint\":\"s\",\"image_svg_color\":\"emphasis\",\"image_align\":\"left\",\"image_vertical_align\":false,\"id\":\"list-columns-thirds\",\"list_type\":\"vertical\",\"list_horizontal_separator\":\", \"}},{\"type\":\"button\",\"props\":{\"grid_column_gap\":\"small\",\"grid_row_gap\":\"small\",\"margin\":\"default\",\"status\":\"\"},\"children\":[{\"type\":\"button_item\",\"props\":{\"button_style\":\"primary\",\"icon_align\":\"left\",\"link_title\":\"\",\"link\":\"https:\\\/\\\/elearning.activeyouth4life.eu\\\/\",\"content\":\"Visita la plataforma\",\"link_target\":\"blank\"}}],\"name\":\"Button - link to e-learning\"}]},{\"type\":\"column\",\"props\":{\"position_sticky_breakpoint\":\"m\",\"image_position\":\"center-center\",\"media_overlay_gradient\":\"\",\"width_medium\":\"1-2\"},\"children\":[{\"type\":\"image\",\"props\":{\"margin\":\"default\",\"image_svg_color\":\"emphasis\",\"image\":\"wp-content\\\/uploads\\\/2022\\\/04\\\/Overview-08.svg\",\"image_alt\":\"Overview\",\"container_padding_remove\":true,\"animation\":\"slide-right-medium\"}}]}]}],\"name\":\"Overview\"},{\"type\":\"section\",\"props\":{\"style\":\"default\",\"width\":\"default\",\"vertical_align\":\"middle\",\"title_position\":\"top-left\",\"title_rotation\":\"left\",\"title_breakpoint\":\"xl\",\"image_position\":\"center-center\"},\"children\":[{\"type\":\"row\",\"children\":[{\"type\":\"column\",\"props\":{\"position_sticky_breakpoint\":\"m\",\"image_position\":\"center-center\",\"media_overlay_gradient\":\"\"},\"children\":[]}]}]}],\"version\":\"2.7.22\"} --><\/p>\n","protected":false},"excerpt":{"rendered":"<p>Resultados Enfoque de formaci\u00f3n de ActiveYouth4Life Un enfoque de formaci\u00f3n para el perfeccionamiento de las competencias de los trabajadores juveniles que integrar\u00e1 la narraci\u00f3n (participativa y digital) a trav\u00e9s del uso de dos t\u00e9cnicas diferentes: la realizaci\u00f3n de pel\u00edculas y las salas de escape digitales. Pel\u00edcula &#8211; Manual de formaci\u00f3n para la sensibilizaci\u00f3n de los [&hellip;]<\/p>\n","protected":false},"author":1,"featured_media":0,"parent":0,"menu_order":0,"comment_status":"closed","ping_status":"closed","template":"","meta":{"footnotes":""},"class_list":["post-936","page","type-page","status-publish","hentry"],"_links":{"self":[{"href":"https:\/\/activeyouth4life.eu\/es\/wp-json\/wp\/v2\/pages\/936","targetHints":{"allow":["GET"]}}],"collection":[{"href":"https:\/\/activeyouth4life.eu\/es\/wp-json\/wp\/v2\/pages"}],"about":[{"href":"https:\/\/activeyouth4life.eu\/es\/wp-json\/wp\/v2\/types\/page"}],"author":[{"embeddable":true,"href":"https:\/\/activeyouth4life.eu\/es\/wp-json\/wp\/v2\/users\/1"}],"replies":[{"embeddable":true,"href":"https:\/\/activeyouth4life.eu\/es\/wp-json\/wp\/v2\/comments?post=936"}],"version-history":[{"count":4,"href":"https:\/\/activeyouth4life.eu\/es\/wp-json\/wp\/v2\/pages\/936\/revisions"}],"predecessor-version":[{"id":1226,"href":"https:\/\/activeyouth4life.eu\/es\/wp-json\/wp\/v2\/pages\/936\/revisions\/1226"}],"wp:attachment":[{"href":"https:\/\/activeyouth4life.eu\/es\/wp-json\/wp\/v2\/media?parent=936"}],"curies":[{"name":"wp","href":"https:\/\/api.w.org\/{rel}","templated":true}]}}